{"id":4774,"date":"2025-10-23T08:58:18","date_gmt":"2025-10-23T06:58:18","guid":{"rendered":"https:\/\/www.prokw.ch\/webinaire\/"},"modified":"2025-11-04T09:26:13","modified_gmt":"2025-11-04T08:26:13","slug":"webinar","status":"publish","type":"page","link":"https:\/\/www.prokw.ch\/de\/webinar\/","title":{"rendered":"Webinar"},"content":{"rendered":"\t\t<div data-elementor-type=\"wp-page\" data-elementor-id=\"4774\" class=\"elementor elementor-4774 elementor-1117\" data-elementor-post-type=\"page\">\n\t\t\t\t<div data-particle_enable=\"false\" data-particle-mobile-disabled=\"false\" class=\"elementor-element elementor-element-01646da e-flex e-con-boxed e-con e-parent\" data-id=\"01646da\" data-element_type=\"container\" data-e-type=\"container\">\n\t\t\t\t\t<div class=\"e-con-inner\">\n\t\t<div data-particle_enable=\"false\" data-particle-mobile-disabled=\"false\" class=\"elementor-element elementor-element-4f24bff e-con-full e-flex e-con e-child\" data-id=\"4f24bff\" data-element_type=\"container\" data-e-type=\"container\">\n\t\t\t\t<div class=\"elementor-element elementor-element-26339dc elementor-widget elementor-widget-heading\" data-id=\"26339dc\" data-element_type=\"widget\" data-e-type=\"widget\" data-widget_type=\"heading.default\">\n\t\t\t\t<div class=\"elementor-widget-container\">\n\t\t\t\t\t<h2 class=\"elementor-heading-title elementor-size-default\">Wie Sie eine Unterst\u00fctzung von ProKilowatt erhalten k\u00f6nnen<\/h2>\t\t\t\t<\/div>\n\t\t\t\t<\/div>\n\t\t\t\t<div class=\"elementor-element elementor-element-3599e9a elementor-widget elementor-widget-heading\" data-id=\"3599e9a\" data-element_type=\"widget\" data-e-type=\"widget\" data-widget_type=\"heading.default\">\n\t\t\t\t<div class=\"elementor-widget-container\">\n\t\t\t\t\t<h3 class=\"elementor-heading-title elementor-size-default\">Auf Zoom | 26. November 2025 | \n10:00 \u2013 10:45 Uhr<\/h3>\t\t\t\t<\/div>\n\t\t\t\t<\/div>\n\t\t\t\t<div class=\"elementor-element elementor-element-4fbd1cb elementor-widget elementor-widget-heading\" data-id=\"4fbd1cb\" data-element_type=\"widget\" data-e-type=\"widget\" data-widget_type=\"heading.default\">\n\t\t\t\t<div class=\"elementor-widget-container\">\n\t\t\t\t\t<h3 class=\"elementor-heading-title elementor-size-default\">Nehmen Sie an unserem n\u00e4chsten Webinar teil<\/h3>\t\t\t\t<\/div>\n\t\t\t\t<\/div>\n\t\t\t\t<div class=\"elementor-element elementor-element-675f2c3 elementor-widget elementor-widget-text-editor\" data-id=\"675f2c3\" data-element_type=\"widget\" data-e-type=\"widget\" data-widget_type=\"text-editor.default\">\n\t\t\t\t<div class=\"elementor-widget-container\">\n\t\t\t\t\t\t\t\t\t<p>Begleiten Sie uns online und erfahren Sie, wie ProKilowatt funktioniert und welche Schritte notwendig sind, um im Rahmen der Ausschreibung 2026 eine F\u00f6rderung zu erhalten.<\/p>\t\t\t\t\t\t\t\t<\/div>\n\t\t\t\t<\/div>\n\t\t\t\t<div class=\"elementor-element elementor-element-49b07ec elementor-widget elementor-widget-spacer\" data-id=\"49b07ec\" data-element_type=\"widget\" data-e-type=\"widget\" data-widget_type=\"spacer.default\">\n\t\t\t\t<div class=\"elementor-widget-container\">\n\t\t\t\t\t\t\t<div class=\"elementor-spacer\">\n\t\t\t<div class=\"elementor-spacer-inner\"><\/div>\n\t\t<\/div>\n\t\t\t\t\t\t<\/div>\n\t\t\t\t<\/div>\n\t\t\t\t<div class=\"elementor-element elementor-element-60726b2 elementor-widget elementor-widget-spacer\" data-id=\"60726b2\" data-element_type=\"widget\" data-e-type=\"widget\" data-widget_type=\"spacer.default\">\n\t\t\t\t<div class=\"elementor-widget-container\">\n\t\t\t\t\t\t\t<div class=\"elementor-spacer\">\n\t\t\t<div class=\"elementor-spacer-inner\"><\/div>\n\t\t<\/div>\n\t\t\t\t\t\t<\/div>\n\t\t\t\t<\/div>\n\t\t\t\t<div class=\"elementor-element elementor-element-8d3ff4a elementor-widget elementor-widget-heading\" data-id=\"8d3ff4a\" data-element_type=\"widget\" data-e-type=\"widget\" data-widget_type=\"heading.default\">\n\t\t\t\t<div class=\"elementor-widget-container\">\n\t\t\t\t\t<h3 class=\"elementor-heading-title elementor-size-default\">Programm<\/h3>\t\t\t\t<\/div>\n\t\t\t\t<\/div>\n\t\t\t\t<div class=\"elementor-element elementor-element-e8daca0 elementor-widget elementor-widget-text-editor\" data-id=\"e8daca0\" data-element_type=\"widget\" data-e-type=\"widget\" data-widget_type=\"text-editor.default\">\n\t\t\t\t<div class=\"elementor-widget-container\">\n\t\t\t\t\t\t\t\t\t<ul><li data-start=\"313\" data-end=\"342\"><p data-start=\"315\" data-end=\"342\">Begr\u00fcssung und Einf\u00fchrung<\/p><\/li><li data-start=\"343\" data-end=\"388\"><p data-start=\"345\" data-end=\"388\">Vorstellung der F\u00f6rderinstrumente des BFE<\/p><\/li><li data-start=\"389\" data-end=\"565\"><p data-start=\"391\" data-end=\"443\">Der Ablauf f\u00fcr die Beantragung einer Unterst\u00fctzung<\/p><ul data-start=\"446\" data-end=\"565\"><li data-start=\"446\" data-end=\"503\"><p data-start=\"448\" data-end=\"503\">bei Massnahmen mit Investitionskosten \u00fcber CHF 70\u2019000<\/p><\/li><li data-start=\"506\" data-end=\"565\"><p data-start=\"508\" data-end=\"565\">bei Massnahmen mit Investitionskosten unter CHF 300\u2019000<\/p><\/li><\/ul><\/li><li data-start=\"566\" data-end=\"586\"><p data-start=\"568\" data-end=\"586\">Fragen \/ Antworten<\/p><\/li><\/ul>\t\t\t\t\t\t\t\t<\/div>\n\t\t\t\t<\/div>\n\t\t\t\t<div class=\"elementor-element elementor-element-105b8ce elementor-widget elementor-widget-spacer\" data-id=\"105b8ce\" data-element_type=\"widget\" data-e-type=\"widget\" data-widget_type=\"spacer.default\">\n\t\t\t\t<div class=\"elementor-widget-container\">\n\t\t\t\t\t\t\t<div class=\"elementor-spacer\">\n\t\t\t<div class=\"elementor-spacer-inner\"><\/div>\n\t\t<\/div>\n\t\t\t\t\t\t<\/div>\n\t\t\t\t<\/div>\n\t\t\t\t<div class=\"elementor-element elementor-element-3fc8818 elementor-widget elementor-widget-heading\" data-id=\"3fc8818\" data-element_type=\"widget\" data-e-type=\"widget\" data-widget_type=\"heading.default\">\n\t\t\t\t<div class=\"elementor-widget-container\">\n\t\t\t\t\t<h3 class=\"elementor-heading-title elementor-size-default\">Anmeldung<\/h3>\t\t\t\t<\/div>\n\t\t\t\t<\/div>\n\t\t\t\t<div class=\"elementor-element elementor-element-c2fe59d elementor-widget elementor-widget-text-editor\" data-id=\"c2fe59d\" data-element_type=\"widget\" data-e-type=\"widget\" data-widget_type=\"text-editor.default\">\n\t\t\t\t<div class=\"elementor-widget-container\">\n\t\t\t\t\t\t\t\t\t<p>Die Teilnahme ist kostenlos, eine Anmeldung jedoch obligatorisch.<\/p>\t\t\t\t\t\t\t\t<\/div>\n\t\t\t\t<\/div>\n\t\t\t\t<div class=\"elementor-element elementor-element-c26aaa7 elementor-widget elementor-widget-button\" data-id=\"c26aaa7\" data-element_type=\"widget\" data-e-type=\"widget\" data-widget_type=\"button.default\">\n\t\t\t\t<div class=\"elementor-widget-container\">\n\t\t\t\t\t\t\t\t\t<div class=\"elementor-button-wrapper\">\n\t\t\t\t\t<a class=\"elementor-button elementor-button-link elementor-size-sm elementor-animation-grow\" href=\"https:\/\/us02web.zoom.us\/webinar\/register\/9017612020524\/WN_IgkJpVp2R7-hy56GehEAMg\" target=\"_blank\">\n\t\t\t\t\t\t<span class=\"elementor-button-content-wrapper\">\n\t\t\t\t\t\t\t\t\t<span class=\"elementor-button-text\">Ich melde mich an<\/span>\n\t\t\t\t\t<\/span>\n\t\t\t\t\t<\/a>\n\t\t\t\t<\/div>\n\t\t\t\t\t\t\t\t<\/div>\n\t\t\t\t<\/div>\n\t\t\t\t<div class=\"elementor-element elementor-element-642f9ec elementor-widget elementor-widget-text-editor\" data-id=\"642f9ec\" data-element_type=\"widget\" data-e-type=\"widget\" data-widget_type=\"text-editor.default\">\n\t\t\t\t<div class=\"elementor-widget-container\">\n\t\t\t\t\t\t\t\t\t<p>Innerhalb weniger Minuten nach Ihrer Anmeldung erhalten Sie eine Best\u00e4tigungsmail von Zoom. Sollten Sie diese E-Mail nicht finden, \u00fcberpr\u00fcfen Sie bitte Ihren Spam-Ordner.<\/p>\t\t\t\t\t\t\t\t<\/div>\n\t\t\t\t<\/div>\n\t\t\t\t<\/div>\n\t\t\t\t\t<\/div>\n\t\t\t\t<\/div>\n\t\t<div data-particle_enable=\"false\" data-particle-mobile-disabled=\"false\" class=\"elementor-element elementor-element-cd4b3e5 elementor-hidden-widescreen elementor-hidden-desktop elementor-hidden-laptop elementor-hidden-tablet_extra elementor-hidden-tablet elementor-hidden-mobile_extra elementor-hidden-mobile e-flex e-con-boxed e-con e-parent\" data-id=\"cd4b3e5\" data-element_type=\"container\" data-e-type=\"container\">\n\t\t\t\t\t<div class=\"e-con-inner\">\n\t\t<div data-particle_enable=\"false\" data-particle-mobile-disabled=\"false\" class=\"elementor-element elementor-element-919426e e-con-full e-flex e-con e-child\" data-id=\"919426e\" data-element_type=\"container\" data-e-type=\"container\">\n\t\t\t\t<div class=\"elementor-element elementor-element-2d6bb0f elementor-widget elementor-widget-heading\" data-id=\"2d6bb0f\" data-element_type=\"widget\" data-e-type=\"widget\" data-widget_type=\"heading.default\">\n\t\t\t\t<div class=\"elementor-widget-container\">\n\t\t\t\t\t<h2 class=\"elementor-heading-title elementor-size-default\">Zur Zeit sind keine Webinare geplant<\/h2>\t\t\t\t<\/div>\n\t\t\t\t<\/div>\n\t\t\t\t<div class=\"elementor-element elementor-element-1a594ef elementor-widget elementor-widget-text-editor\" data-id=\"1a594ef\" data-element_type=\"widget\" data-e-type=\"widget\" data-widget_type=\"text-editor.default\">\n\t\t\t\t<div class=\"elementor-widget-container\">\n\t\t\t\t\t\t\t\t\t<p><span data-teams=\"true\">Zur Zeit sind keine Webinare geplant. Abonnieren Sie unseren Newsletter, um \u00fcber kommende ProKilowatt Veranstaltungen informiert zu werden.<\/span><\/p>\t\t\t\t\t\t\t\t<\/div>\n\t\t\t\t<\/div>\n\t\t\t\t<div class=\"elementor-element elementor-element-ff20d18 elementor-widget elementor-widget-spacer\" data-id=\"ff20d18\" data-element_type=\"widget\" data-e-type=\"widget\" data-widget_type=\"spacer.default\">\n\t\t\t\t<div class=\"elementor-widget-container\">\n\t\t\t\t\t\t\t<div class=\"elementor-spacer\">\n\t\t\t<div class=\"elementor-spacer-inner\"><\/div>\n\t\t<\/div>\n\t\t\t\t\t\t<\/div>\n\t\t\t\t<\/div>\n\t\t\t\t<div class=\"elementor-element elementor-element-1fe0652 elementor-widget elementor-widget-button\" data-id=\"1fe0652\" data-element_type=\"widget\" data-e-type=\"widget\" data-widget_type=\"button.default\">\n\t\t\t\t<div class=\"elementor-widget-container\">\n\t\t\t\t\t\t\t\t\t<div class=\"elementor-button-wrapper\">\n\t\t\t\t\t<a class=\"elementor-button elementor-button-link elementor-size-sm elementor-animation-grow\" href=\"https:\/\/www.prokw.ch\/de\/newsletter\/\" target=\"_blank\">\n\t\t\t\t\t\t<span class=\"elementor-button-content-wrapper\">\n\t\t\t\t\t\t\t\t\t<span class=\"elementor-button-text\">Ich m\u00f6chte den Newsletter abonnieren<\/span>\n\t\t\t\t\t<\/span>\n\t\t\t\t\t<\/a>\n\t\t\t\t<\/div>\n\t\t\t\t\t\t\t\t<\/div>\n\t\t\t\t<\/div>\n\t\t\t\t<\/div>\n\t\t\t\t\t<\/div>\n\t\t\t\t<\/div>\n\t\t\t\t<\/div>\n\t\t","protected":false},"excerpt":{"rendered":"<p>Wie Sie eine ProKilowatt-Unterst\u00fctzung erhalten<\/p>\n","protected":false},"author":1,"featured_media":1596,"parent":0,"menu_order":0,"comment_status":"closed","ping_status":"closed","template":"","meta":{"_acf_changed":false,"footnotes":""},"class_list":["post-4774","page","type-page","status-publish","has-post-thumbnail","hentry"],"acf":[],"yoast_head":"<!-- This site is optimized with the Yoast SEO plugin v27.0 - https:\/\/yoast.com\/product\/yoast-seo-wordpress\/ -->\n<title>Webinar - ProKilowatt<\/title>\n<meta name=\"description\" content=\"Webinar: Wie Sie eine ProKilowatt-Unterst\u00fctzung erhalten.\" \/>\n<meta name=\"robots\" content=\"index, follow, max-snippet:-1, max-image-preview:large, max-video-preview:-1\" \/>\n<link rel=\"canonical\" href=\"https:\/\/www.prokw.ch\/de\/webinar\/\" \/>\n<meta property=\"og:locale\" content=\"de_DE\" \/>\n<meta property=\"og:type\" content=\"article\" \/>\n<meta property=\"og:title\" content=\"Webinar ProKilowatt\" \/>\n<meta property=\"og:description\" content=\"Webinar: Wie Sie eine ProKilowatt-Unterst\u00fctzung erhalten.\" \/>\n<meta property=\"og:url\" content=\"https:\/\/www.prokw.ch\/de\/webinar\/\" \/>\n<meta property=\"og:site_name\" content=\"ProKilowatt\" \/>\n<meta property=\"article:modified_time\" content=\"2025-11-04T08:26:13+00:00\" \/>\n<meta property=\"og:image\" content=\"https:\/\/www.prokw.ch\/wp-content\/uploads\/2024\/10\/Webinar-ProKilowatt.png\" \/>\n\t<meta property=\"og:image:width\" content=\"1280\" \/>\n\t<meta property=\"og:image:height\" content=\"720\" \/>\n\t<meta property=\"og:image:type\" content=\"image\/png\" \/>\n<meta name=\"twitter:card\" content=\"summary_large_image\" \/>\n<meta name=\"twitter:title\" content=\"Webinar ProKilowatt\" \/>\n<meta name=\"twitter:description\" content=\"Webinar: Wie Sie eine ProKilowatt-Unterst\u00fctzung erhalten.\" \/>\n<meta name=\"twitter:image\" content=\"https:\/\/www.prokw.ch\/wp-content\/uploads\/2024\/10\/Webinar-ProKilowatt.png\" \/>\n<meta name=\"twitter:label1\" content=\"Gesch\u00e4tzte Lesezeit\" \/>\n\t<meta name=\"twitter:data1\" content=\"1\u00a0Minute\" \/>\n<script type=\"application\/ld+json\" class=\"yoast-schema-graph\">{\"@context\":\"https:\/\/schema.org\",\"@graph\":[{\"@type\":\"WebPage\",\"@id\":\"https:\/\/www.prokw.ch\/de\/webinar\/\",\"url\":\"https:\/\/www.prokw.ch\/de\/webinar\/\",\"name\":\"Webinar - ProKilowatt\",\"isPartOf\":{\"@id\":\"https:\/\/prokw.ismystar.ch\/#website\"},\"primaryImageOfPage\":{\"@id\":\"https:\/\/www.prokw.ch\/de\/webinar\/#primaryimage\"},\"image\":{\"@id\":\"https:\/\/www.prokw.ch\/de\/webinar\/#primaryimage\"},\"thumbnailUrl\":\"https:\/\/www.prokw.ch\/wp-content\/uploads\/2024\/02\/AdobeStock_281366218-scaled.jpeg\",\"datePublished\":\"2025-10-23T06:58:18+00:00\",\"dateModified\":\"2025-11-04T08:26:13+00:00\",\"description\":\"Webinar: Wie Sie eine ProKilowatt-Unterst\u00fctzung erhalten.\",\"breadcrumb\":{\"@id\":\"https:\/\/www.prokw.ch\/de\/webinar\/#breadcrumb\"},\"inLanguage\":\"de\",\"potentialAction\":[{\"@type\":\"ReadAction\",\"target\":[\"https:\/\/www.prokw.ch\/de\/webinar\/\"]}]},{\"@type\":\"ImageObject\",\"inLanguage\":\"de\",\"@id\":\"https:\/\/www.prokw.ch\/de\/webinar\/#primaryimage\",\"url\":\"https:\/\/www.prokw.ch\/wp-content\/uploads\/2024\/02\/AdobeStock_281366218-scaled.jpeg\",\"contentUrl\":\"https:\/\/www.prokw.ch\/wp-content\/uploads\/2024\/02\/AdobeStock_281366218-scaled.jpeg\",\"width\":2560,\"height\":1369,\"caption\":\"Successful businessman exchanging the idea for next startup project with blank screen tablet\"},{\"@type\":\"BreadcrumbList\",\"@id\":\"https:\/\/www.prokw.ch\/de\/webinar\/#breadcrumb\",\"itemListElement\":[{\"@type\":\"ListItem\",\"position\":1,\"name\":\"Accueil\",\"item\":\"https:\/\/www.prokw.ch\/de\/\"},{\"@type\":\"ListItem\",\"position\":2,\"name\":\"Webinar\"}]},{\"@type\":\"WebSite\",\"@id\":\"https:\/\/prokw.ismystar.ch\/#website\",\"url\":\"https:\/\/prokw.ismystar.ch\/\",\"name\":\"ProKilowatt\",\"description\":\"\",\"publisher\":{\"@id\":\"https:\/\/prokw.ismystar.ch\/#organization\"},\"potentialAction\":[{\"@type\":\"SearchAction\",\"target\":{\"@type\":\"EntryPoint\",\"urlTemplate\":\"https:\/\/prokw.ismystar.ch\/?s={search_term_string}\"},\"query-input\":{\"@type\":\"PropertyValueSpecification\",\"valueRequired\":true,\"valueName\":\"search_term_string\"}}],\"inLanguage\":\"de\"},{\"@type\":\"Organization\",\"@id\":\"https:\/\/prokw.ismystar.ch\/#organization\",\"name\":\"ProKilowatt\",\"url\":\"https:\/\/prokw.ismystar.ch\/\",\"logo\":{\"@type\":\"ImageObject\",\"inLanguage\":\"de\",\"@id\":\"https:\/\/prokw.ismystar.ch\/#\/schema\/logo\/image\/\",\"url\":\"https:\/\/www.prokw.ch\/wp-content\/uploads\/2023\/11\/prokw-logo.png\",\"contentUrl\":\"https:\/\/www.prokw.ch\/wp-content\/uploads\/2023\/11\/prokw-logo.png\",\"width\":503,\"height\":121,\"caption\":\"ProKilowatt\"},\"image\":{\"@id\":\"https:\/\/prokw.ismystar.ch\/#\/schema\/logo\/image\/\"}}]}<\/script>\n<!-- \/ Yoast SEO plugin. -->","yoast_head_json":{"title":"Webinar - ProKilowatt","description":"Webinar: Wie Sie eine ProKilowatt-Unterst\u00fctzung erhalten.","robots":{"index":"index","follow":"follow","max-snippet":"max-snippet:-1","max-image-preview":"max-image-preview:large","max-video-preview":"max-video-preview:-1"},"canonical":"https:\/\/www.prokw.ch\/de\/webinar\/","og_locale":"de_DE","og_type":"article","og_title":"Webinar ProKilowatt","og_description":"Webinar: Wie Sie eine ProKilowatt-Unterst\u00fctzung erhalten.","og_url":"https:\/\/www.prokw.ch\/de\/webinar\/","og_site_name":"ProKilowatt","article_modified_time":"2025-11-04T08:26:13+00:00","og_image":[{"width":1280,"height":720,"url":"https:\/\/www.prokw.ch\/wp-content\/uploads\/2024\/10\/Webinar-ProKilowatt.png","type":"image\/png"}],"twitter_card":"summary_large_image","twitter_title":"Webinar ProKilowatt","twitter_description":"Webinar: Wie Sie eine ProKilowatt-Unterst\u00fctzung erhalten.","twitter_image":"https:\/\/www.prokw.ch\/wp-content\/uploads\/2024\/10\/Webinar-ProKilowatt.png","twitter_misc":{"Gesch\u00e4tzte Lesezeit":"1\u00a0Minute"},"schema":{"@context":"https:\/\/schema.org","@graph":[{"@type":"WebPage","@id":"https:\/\/www.prokw.ch\/de\/webinar\/","url":"https:\/\/www.prokw.ch\/de\/webinar\/","name":"Webinar - ProKilowatt","isPartOf":{"@id":"https:\/\/prokw.ismystar.ch\/#website"},"primaryImageOfPage":{"@id":"https:\/\/www.prokw.ch\/de\/webinar\/#primaryimage"},"image":{"@id":"https:\/\/www.prokw.ch\/de\/webinar\/#primaryimage"},"thumbnailUrl":"https:\/\/www.prokw.ch\/wp-content\/uploads\/2024\/02\/AdobeStock_281366218-scaled.jpeg","datePublished":"2025-10-23T06:58:18+00:00","dateModified":"2025-11-04T08:26:13+00:00","description":"Webinar: Wie Sie eine ProKilowatt-Unterst\u00fctzung erhalten.","breadcrumb":{"@id":"https:\/\/www.prokw.ch\/de\/webinar\/#breadcrumb"},"inLanguage":"de","potentialAction":[{"@type":"ReadAction","target":["https:\/\/www.prokw.ch\/de\/webinar\/"]}]},{"@type":"ImageObject","inLanguage":"de","@id":"https:\/\/www.prokw.ch\/de\/webinar\/#primaryimage","url":"https:\/\/www.prokw.ch\/wp-content\/uploads\/2024\/02\/AdobeStock_281366218-scaled.jpeg","contentUrl":"https:\/\/www.prokw.ch\/wp-content\/uploads\/2024\/02\/AdobeStock_281366218-scaled.jpeg","width":2560,"height":1369,"caption":"Successful businessman exchanging the idea for next startup project with blank screen tablet"},{"@type":"BreadcrumbList","@id":"https:\/\/www.prokw.ch\/de\/webinar\/#breadcrumb","itemListElement":[{"@type":"ListItem","position":1,"name":"Accueil","item":"https:\/\/www.prokw.ch\/de\/"},{"@type":"ListItem","position":2,"name":"Webinar"}]},{"@type":"WebSite","@id":"https:\/\/prokw.ismystar.ch\/#website","url":"https:\/\/prokw.ismystar.ch\/","name":"ProKilowatt","description":"","publisher":{"@id":"https:\/\/prokw.ismystar.ch\/#organization"},"potentialAction":[{"@type":"SearchAction","target":{"@type":"EntryPoint","urlTemplate":"https:\/\/prokw.ismystar.ch\/?s={search_term_string}"},"query-input":{"@type":"PropertyValueSpecification","valueRequired":true,"valueName":"search_term_string"}}],"inLanguage":"de"},{"@type":"Organization","@id":"https:\/\/prokw.ismystar.ch\/#organization","name":"ProKilowatt","url":"https:\/\/prokw.ismystar.ch\/","logo":{"@type":"ImageObject","inLanguage":"de","@id":"https:\/\/prokw.ismystar.ch\/#\/schema\/logo\/image\/","url":"https:\/\/www.prokw.ch\/wp-content\/uploads\/2023\/11\/prokw-logo.png","contentUrl":"https:\/\/www.prokw.ch\/wp-content\/uploads\/2023\/11\/prokw-logo.png","width":503,"height":121,"caption":"ProKilowatt"},"image":{"@id":"https:\/\/prokw.ismystar.ch\/#\/schema\/logo\/image\/"}}]}},"_links":{"self":[{"href":"https:\/\/www.prokw.ch\/de\/wp-json\/wp\/v2\/pages\/4774","targetHints":{"allow":["GET"]}}],"collection":[{"href":"https:\/\/www.prokw.ch\/de\/wp-json\/wp\/v2\/pages"}],"about":[{"href":"https:\/\/www.prokw.ch\/de\/wp-json\/wp\/v2\/types\/page"}],"author":[{"embeddable":true,"href":"https:\/\/www.prokw.ch\/de\/wp-json\/wp\/v2\/users\/1"}],"replies":[{"embeddable":true,"href":"https:\/\/www.prokw.ch\/de\/wp-json\/wp\/v2\/comments?post=4774"}],"version-history":[{"count":39,"href":"https:\/\/www.prokw.ch\/de\/wp-json\/wp\/v2\/pages\/4774\/revisions"}],"predecessor-version":[{"id":6082,"href":"https:\/\/www.prokw.ch\/de\/wp-json\/wp\/v2\/pages\/4774\/revisions\/6082"}],"wp:featuredmedia":[{"embeddable":true,"href":"https:\/\/www.prokw.ch\/de\/wp-json\/wp\/v2\/media\/1596"}],"wp:attachment":[{"href":"https:\/\/www.prokw.ch\/de\/wp-json\/wp\/v2\/media?parent=4774"}],"curies":[{"name":"wp","href":"https:\/\/api.w.org\/{rel}","templated":true}]}}