{"id":1415,"date":"2023-11-21T14:02:12","date_gmt":"2023-11-21T13:02:12","guid":{"rendered":"https:\/\/www.prokw.ch\/deposer-un-programme\/"},"modified":"2025-10-30T16:12:21","modified_gmt":"2025-10-30T15:12:21","slug":"ein-programm-einreichen","status":"publish","type":"page","link":"https:\/\/www.prokw.ch\/de\/ein-programm-einreichen\/","title":{"rendered":"Ein Programm einreichen"},"content":{"rendered":"\t\t<div data-elementor-type=\"wp-page\" data-elementor-id=\"1415\" class=\"elementor elementor-1415 elementor-29\" data-elementor-post-type=\"page\">\n\t\t\t\t<div data-particle_enable=\"false\" data-particle-mobile-disabled=\"false\" class=\"elementor-element elementor-element-4d8ece3 e-flex e-con-boxed e-con e-child\" data-id=\"4d8ece3\" data-element_type=\"container\" data-e-type=\"container\">\n\t\t\t\t\t<div class=\"e-con-inner\">\n\t\t<div data-particle_enable=\"false\" data-particle-mobile-disabled=\"false\" class=\"elementor-element elementor-element-8b20bf6 e-con-full elementor-hidden-mobile e-flex e-con e-child\" data-id=\"8b20bf6\" data-element_type=\"container\" data-e-type=\"container\">\n\t\t\t\t<\/div>\n\t\t<div data-particle_enable=\"false\" data-particle-mobile-disabled=\"false\" class=\"elementor-element elementor-element-66295a8 e-con-full e-flex e-con e-child\" data-id=\"66295a8\" data-element_type=\"container\" data-e-type=\"container\">\n\t\t\t\t<div class=\"elementor-element elementor-element-218b5f0 elementor-widget elementor-widget-heading\" data-id=\"218b5f0\" data-element_type=\"widget\" data-e-type=\"widget\" data-widget_type=\"heading.default\">\n\t\t\t\t<div class=\"elementor-widget-container\">\n\t\t\t\t\t<h2 class=\"elementor-heading-title elementor-size-default\">Wie funktioniert das?<\/h2>\t\t\t\t<\/div>\n\t\t\t\t<\/div>\n\t\t\t\t<div class=\"elementor-element elementor-element-4a27be1 elementor-widget elementor-widget-text-editor\" data-id=\"4a27be1\" data-element_type=\"widget\" data-e-type=\"widget\" data-widget_type=\"text-editor.default\">\n\t\t\t\t<div class=\"elementor-widget-container\">\n\t\t\t\t\t\t\t\t\t<p style=\"text-align: justify;\"><span style=\"font-family: arial, helvetica, sans-serif;\">Programme richten sich in der Regel an eine grosse Anzahl Haushalte oder Unternehmen. Sie beinhalten einfache Standardmassnahmen (z.B. Ersatz von Umw\u00e4lzpumpen durch effizientere Modelle) oder sie bieten einer Branche oder bestimmten Unternehmen ein klar definiertes Massnahmenpaket an (z.B. Stromeinsparung bei der Druckluftversorgung). Die Programmtr\u00e4ger unterst\u00fctzen folglich Dritte bei der Umsetzung von unwirtschaftlichen Stromeffizienzmassnahmen (z. B. Austausch von K\u00fchl- und Klimaanlagen in Spit\u00e4lern&#8230;). Im Gegensatz zu Projekten werden mit Programmen standardisierte, technisch einfachere Massnahmen mit geringeren Investitionskosten (&lt; 300\u2019000 Franken) unterst\u00fctzt.<\/span><\/p><p style=\"text-align: justify;\"><span style=\"font-family: arial, helvetica, sans-serif;\">Programmtr\u00e4ger k\u00f6nnen Unternehmen, die \u00f6ffentliche Hand oder Fachverb\u00e4nde sein. Richtet sich eine Tr\u00e4gerschaft mit einem Programm an eine Branche (als Zielgruppe), sollte die Branche ein ausreichend grosses Stromsparpotenzial aufweisen, \u00fcber gen\u00fcgend Mitglieder verf\u00fcgen und das Programm sollte grunds\u00e4tzlich allen Unternehmen der Branche offenstehen. Das neue Programm darf nicht mit einem bestehenden Programm konkurrieren. Eine Liste der Programme finden Sie\u00a0<a href=\"https:\/\/www.prokw.ch\/de\/ein-programm-einreichen\/#suchen\">unten<\/a>.<\/span><\/p><p style=\"text-align: justify;\"><span style=\"font-family: arial, helvetica, sans-serif;\">Die Beitr\u00e4ge von ProKilowatt an die Programme belaufen sich auf mindestens 150\u2019000 bis h\u00f6chstens 3\u2019000\u2019000 Franken. Diese Betr\u00e4ge werden an die effizientesten Programme vergeben, also an diejenigen, die pro investiertem Franken am meisten Strom einsparen. Bei den ausgew\u00e4hlten Programmen werden mindestens 70% dieser Betr\u00e4ge an die teilnehmenden Unternehmen ausgesch\u00fcttet, die Massnahmen zur Steigerung der Stromeffizienz durchf\u00fchren. Die verbleibenden 30 % sind f\u00fcr die Programmtr\u00e4ger f\u00fcr die Verwaltung ihrer Programme, die Akquisition der teilnehmenden Unternehmen und die Unterst\u00fctzung dieser Unternehmen bei der Umsetzung der Stromeffizienzmassnahmen bestimmt. Diese Betr\u00e4ge werden den Programmtr\u00e4gern entsprechend den durch ihre Programme erzielten Einsparungen gew\u00e4hrt. Das macht die Teilnahme an ProKilowatt f\u00fcr sie sehr attraktiv.<\/span><\/p><p style=\"text-align: justify;\"><strong><span style=\"font-family: arial, helvetica, sans-serif;\">Die Frist f\u00fcr die Einreichung von Gesuchen f\u00fcr das Programm ist der 1. Mai 2026.<\/span><\/strong><\/p><p><strong>Um Ihr Programm einzureichen, f\u00fcllen Sie bitte das Dokument \u00ab<\/strong><strong>Programmkonzept\u00bb aus, das Sie im Abschnitt \u00abPraktische Informationen\u00bb finden, und reichen Sie Ihr Gesuch \u00fcber das Webtool ein.<\/strong><\/p>\t\t\t\t\t\t\t\t<\/div>\n\t\t\t\t<\/div>\n\t\t<div data-particle_enable=\"false\" data-particle-mobile-disabled=\"false\" class=\"elementor-element elementor-element-73d4fc3 e-flex e-con-boxed e-con e-child\" data-id=\"73d4fc3\" data-element_type=\"container\" data-e-type=\"container\">\n\t\t\t\t\t<div class=\"e-con-inner\">\n\t\t\t\t<div class=\"elementor-element elementor-element-31ac87f elementor-widget elementor-widget-button\" data-id=\"31ac87f\" data-element_type=\"widget\" data-e-type=\"widget\" data-widget_type=\"button.default\">\n\t\t\t\t<div class=\"elementor-widget-container\">\n\t\t\t\t\t\t\t\t\t<div class=\"elementor-button-wrapper\">\n\t\t\t\t\t<a class=\"elementor-button elementor-button-link elementor-size-sm\" href=\"https:\/\/www.prokw.ch\/de\/praktische-infos\/\">\n\t\t\t\t\t\t<span class=\"elementor-button-content-wrapper\">\n\t\t\t\t\t\t\t\t\t<span class=\"elementor-button-text\">Praktische Informationen<\/span>\n\t\t\t\t\t<\/span>\n\t\t\t\t\t<\/a>\n\t\t\t\t<\/div>\n\t\t\t\t\t\t\t\t<\/div>\n\t\t\t\t<\/div>\n\t\t\t\t<div class=\"elementor-element elementor-element-6c65daf elementor-widget elementor-widget-button\" data-id=\"6c65daf\" data-element_type=\"widget\" data-e-type=\"widget\" data-widget_type=\"button.default\">\n\t\t\t\t<div class=\"elementor-widget-container\">\n\t\t\t\t\t\t\t\t\t<div class=\"elementor-button-wrapper\">\n\t\t\t\t\t<a class=\"elementor-button elementor-button-link elementor-size-sm\" href=\"https:\/\/webtool.prokw.ch\/\">\n\t\t\t\t\t\t<span class=\"elementor-button-content-wrapper\">\n\t\t\t\t\t\t\t\t\t<span class=\"elementor-button-text\">Webtool<\/span>\n\t\t\t\t\t<\/span>\n\t\t\t\t\t<\/a>\n\t\t\t\t<\/div>\n\t\t\t\t\t\t\t\t<\/div>\n\t\t\t\t<\/div>\n\t\t\t\t\t<\/div>\n\t\t\t\t<\/div>\n\t\t\t\t<div class=\"elementor-element elementor-element-f59f58d elementor-widget elementor-widget-spacer\" data-id=\"f59f58d\" data-element_type=\"widget\" data-e-type=\"widget\" data-widget_type=\"spacer.default\">\n\t\t\t\t<div class=\"elementor-widget-container\">\n\t\t\t\t\t\t\t<div class=\"elementor-spacer\">\n\t\t\t<div class=\"elementor-spacer-inner\"><\/div>\n\t\t<\/div>\n\t\t\t\t\t\t<\/div>\n\t\t\t\t<\/div>\n\t\t\t\t<\/div>\n\t\t\t\t\t<\/div>\n\t\t\t\t<\/div>\n\t\t<div data-particle_enable=\"false\" data-particle-mobile-disabled=\"false\" class=\"elementor-element elementor-element-8d1a940 e-flex e-con-boxed e-con e-parent\" data-id=\"8d1a940\" data-element_type=\"container\" data-e-type=\"container\">\n\t\t\t\t\t<div class=\"e-con-inner\">\n\t\t\t\t<div class=\"elementor-element elementor-element-141bdf9 elementor-widget elementor-widget-menu-anchor\" data-id=\"141bdf9\" data-element_type=\"widget\" data-e-type=\"widget\" data-widget_type=\"menu-anchor.default\">\n\t\t\t\t<div class=\"elementor-widget-container\">\n\t\t\t\t\t\t\t<div class=\"elementor-menu-anchor\" id=\"suchen\"><\/div>\n\t\t\t\t\t\t<\/div>\n\t\t\t\t<\/div>\n\t\t\t\t\t<\/div>\n\t\t\t\t<\/div>\n\t\t<div data-particle_enable=\"false\" data-particle-mobile-disabled=\"false\" class=\"elementor-element elementor-element-da93ecb e-con-full e-flex e-con e-parent\" data-id=\"da93ecb\" data-element_type=\"container\" data-e-type=\"container\">\n\t\t\t\t<div class=\"elementor-element elementor-element-a5feb36 elementor-widget elementor-widget-heading\" data-id=\"a5feb36\" data-element_type=\"widget\" data-e-type=\"widget\" data-widget_type=\"heading.default\">\n\t\t\t\t<div class=\"elementor-widget-container\">\n\t\t\t\t\t<h2 class=\"elementor-heading-title elementor-size-default\">Programm suchen<\/h2>\t\t\t\t<\/div>\n\t\t\t\t<\/div>\n\t\t\t\t<div class=\"elementor-element elementor-element-e2322a4 elementor-widget elementor-widget-heading\" data-id=\"e2322a4\" data-element_type=\"widget\" data-e-type=\"widget\" data-widget_type=\"heading.default\">\n\t\t\t\t<div class=\"elementor-widget-container\">\n\t\t\t\t\t<h3 class=\"elementor-heading-title elementor-size-default\">\u00dcbersicht :<\/h3>\t\t\t\t<\/div>\n\t\t\t\t<\/div>\n\t\t\t\t<div class=\"elementor-element elementor-element-3cda4a4 elementor-widget elementor-widget-shortcode\" data-id=\"3cda4a4\" data-element_type=\"widget\" data-e-type=\"widget\" data-widget_type=\"shortcode.default\">\n\t\t\t\t<div class=\"elementor-widget-container\">\n\t\t\t\t\t\t\t<div class=\"elementor-shortcode\">\r\n\t<div class=\"PKWLISTEPROG\" >\r\n\t\t<div class=\"pkwtitre\">\r\n\t\t\t\u00dcbersicht laufende Programme: Geben Sie hier die Suchkriterien ein und Sie erhalten eine Auflistung aller ProKilowatt-Programme zur F\u00f6rderung von Stromeffizienzmassnahmen in der Schweiz.\r\n\t\t<\/div>\r\n\t\t<div class=\"pkwform\">\r\n\t\t\t<form id=\"TheForm\" class=\"comment-form\" method=\"post\" action=\"\" target=\"_blank\">\r\n\t\t\t\r\n\t\t\t\t<div class=\"pkwfield\">\r\n\t\t\t\t\t<label for=\"cantonChoice\">Kanton<\/label>\r\n\t\t\t\t\t<select id=\"cantonChoice\" name=\"cantonChoice[]\" data-placeholder=\"Kanton...\" onchange=\"selectRows()\" class=\"chosen-select\" multiple>\r\n\t\t\t\t\t\t<option value=\"\"><\/option>\r\n\t\t\t\t\t<\/select>\r\n\t\t\t\t<\/div>\r\n\t\t\t\t<div class=\"pkwfield\">\r\n\t\t\t\t\t<label for=\"technoChoice\">Technische Ausrichtung<\/label>\r\n\t\t\t\t\t<select id=\"technoChoice\" name=\"technoChoice[]\" data-placeholder=\"Technische Ausrichtung...\" onchange=\"selectRows()\" class=\"chosen-select\" multiple>\r\n\t\t\t\t\t\t<option value=\"\"><\/option>\r\n\t\t\t\t\t<\/select>\r\n\t\t\t\t<\/div>\r\n\t\t\t\t<div class=\"pkwfield\">\r\n\t\t\t\t\t<label for=\"categoryChoice\">Zielgruppe<\/label>\r\n\t\t\t\t\t<select id=\"categoryChoice\" name=\"categoryChoice[]\" data-placeholder=\"Zielgruppe...\" onchange=\"selectRows()\" class=\"chosen-select\" multiple>\r\n\t\t\t\t\t\t<option value=\"\"><\/option>\r\n\t\t\t\t\t<\/select>\r\n\t\t\t\t<\/div>\r\n\t\t\t\t<div class=\"pkwfield\">\r\n\t\t\t\t\t<label for=\"nameChoice\">Stichwortsuche<\/label>\r\n\t\t\t\t\t<input type=\"input\" id=\"nameChoice\" data-placeholder=\"Stichwortsuche...\" name=\"nameChoice\" onchange=\"selectRows()\" onkeyup=\"selectRows()\" onblur=\"selectRows()\">\r\n\t\t\t\t<\/div>\r\n\t\t\t\t<div class=\"pkwfield\">\r\n\t\t\t\t\t<p>Effizienzmassnahmen mit Investitionskosten von mehr als 70'000 CHF k\u00f6nnen als Projekte auf <a href=\"http:\/\/prokw.ch\/de\/home\/\">www.prokw.ch<\/a> eingegeben werden.<\/p>\r\n\t\t\t\t<\/div>\r\n\t\t\t\t\r\n\t\t\t\t<div class=\"pkwfield\">\r\n\t\t\t\t\t<input id=\"pkwexportpdf\" type=\"submit\" onclick=\"getPDF()\" name=\"exportpdf\" class=\"submit\" value=\"Auswahl exportieren (pdf)\" \/>\r\n\t\t\t\t<\/div>\t\t\t\t\r\n\t\t\t\t\r\n\t\t\t\t<input type=\"hidden\" id=\"idList\" name=\"idList\" value=\"\" \/>\t\t\t\t\r\n\t\t\t\t\r\n\t\t\t<\/form>\r\n\t\t<\/div>\r\n\t\t\r\n\t\t<div id=\"dialog\" title=\"acro program\" hidden>\r\n\t\t\t<div id=\"contentdiv\"> xxx <\/div>\r\n\t\t<\/div>\r\n\t\t\r\n\t\t<div class=\"pkwtable\">\r\n\r\n\t\t\t<table id=\"lstPrograms\">\r\n\r\n\t\t\t  <thead>\r\n\t\t\t\t<tr>\r\n\t\t\t\t  <th hidden style=\"cursor:pointer\">#<\/th>\r\n\t\t\t\t  <th onclick=\"sortTable(1,'lstPrograms')\" style=\"cursor:pointer\">Nummer<\/th>\r\n\t\t\t\t  <th onclick=\"sortTable(2,'lstPrograms')\" style=\"cursor:pointer\">Name<\/th>\r\n\t\t\t\t  <th>Technische Ausrichtung<\/th>\r\n\t\t\t\t  <th>F\u00f6rdermassnahme<\/th>\r\n\t\t\t\t  <th>Zielgruppe<\/th>\r\n\t\t\t\t  <th>Kanton<\/th>\r\n\t\t\t\t  <!--th onclick=\"sortTable(7,'lstPrograms')\" style=\"cursor:pointer\">Programmende<\/th-->\r\n\t\t\t\t  <th>Web<\/th>\r\n\t\t\t\t  <th>Info<\/th>\r\n\t\t\t\t<\/tr>\r\n\t\t\t  <\/thead>\r\n\t\t\t  <tbody id=\"mybody\">\r\n\t\t\t  <\/tbody>\r\n\t\t\t <\/table>\r\n\r\n\t\t<\/div>\r\n\t\t\r\n\t<\/div>\r\n\t\r\n\t\t<script src=\"https:\/\/code.jquery.com\/jquery-3.2.1.min.js\"><\/script>\r\n\t\t<script src=\"https:\/\/cdnjs.cloudflare.com\/ajax\/libs\/jqueryui\/1.12.1\/jquery-ui.min.js\"><\/script>\r\n\t\t<link href=\"https:\/\/cdnjs.cloudflare.com\/ajax\/libs\/chosen\/1.7.0\/chosen.css\" rel=\"stylesheet\">\t\r\n\t\t<link rel=\"stylesheet\" href=\"https:\/\/code.jquery.com\/ui\/1.12.1\/themes\/base\/jquery-ui.css\">\r\n\t\t<script src=\"https:\/\/cdnjs.cloudflare.com\/ajax\/libs\/chosen\/1.7.0\/chosen.jquery.js\" type=\"text\/javascript\"><\/script>\r\n\t\r\n\t\t<script type=\"text\/javascript\">\r\n\t\t\tLANGUE = 'DE'\r\n\t\t\tgetAllProgramsData();\r\n\t\t\tgetAllSelectOptions();\r\n\t\t<\/script>\t\r\n\t<\/div>\n\t\t\t\t\t\t<\/div>\n\t\t\t\t<\/div>\n\t\t\t\t<\/div>\n\t\t\t\t<\/div>\n\t\t","protected":false},"excerpt":{"rendered":"<p>Wie funktioniert das? Programme richten sich in der Regel an eine grosse Anzahl Haushalte oder Unternehmen. Sie beinhalten einfache Standardmassnahmen (z.B. Ersatz von Umw\u00e4lzpumpen durch effizientere Modelle) oder sie bieten einer Branche oder bestimmten Unternehmen ein klar definiertes Massnahmenpaket an (z.B. Stromeinsparung bei der Druckluftversorgung). Die Programmtr\u00e4ger unterst\u00fctzen folglich Dritte bei der Umsetzung von unwirtschaftlichen [&hellip;]<\/p>\n","protected":false},"author":1,"featured_media":418,"parent":0,"menu_order":0,"comment_status":"closed","ping_status":"closed","template":"","meta":{"_acf_changed":false,"footnotes":""},"class_list":["post-1415","page","type-page","status-publish","has-post-thumbnail","hentry"],"acf":[],"yoast_head":"<!-- This site is optimized with the Yoast SEO plugin v27.0 - https:\/\/yoast.com\/product\/yoast-seo-wordpress\/ -->\n<title>Ein Programm einreichen - ProKilowatt<\/title>\n<meta name=\"robots\" content=\"index, follow, max-snippet:-1, max-image-preview:large, max-video-preview:-1\" \/>\n<link rel=\"canonical\" href=\"https:\/\/www.prokw.ch\/de\/ein-programm-einreichen\/\" \/>\n<meta property=\"og:locale\" content=\"de_DE\" \/>\n<meta property=\"og:type\" content=\"article\" \/>\n<meta property=\"og:title\" content=\"Ein Programm einreichen - ProKilowatt\" \/>\n<meta property=\"og:description\" content=\"Wie funktioniert das? Programme richten sich in der Regel an eine grosse Anzahl Haushalte oder Unternehmen. Sie beinhalten einfache Standardmassnahmen (z.B. Ersatz von Umw\u00e4lzpumpen durch effizientere Modelle) oder sie bieten einer Branche oder bestimmten Unternehmen ein klar definiertes Massnahmenpaket an (z.B. Stromeinsparung bei der Druckluftversorgung). Die Programmtr\u00e4ger unterst\u00fctzen folglich Dritte bei der Umsetzung von unwirtschaftlichen [&hellip;]\" \/>\n<meta property=\"og:url\" content=\"https:\/\/www.prokw.ch\/de\/ein-programm-einreichen\/\" \/>\n<meta property=\"og:site_name\" content=\"ProKilowatt\" \/>\n<meta property=\"article:modified_time\" content=\"2025-10-30T15:12:21+00:00\" \/>\n<meta property=\"og:image\" content=\"https:\/\/www.prokw.ch\/wp-content\/uploads\/2023\/11\/migros-neuendorf.jpeg\" \/>\n\t<meta property=\"og:image:width\" content=\"1024\" \/>\n\t<meta property=\"og:image:height\" content=\"683\" \/>\n\t<meta property=\"og:image:type\" content=\"image\/jpeg\" \/>\n<meta name=\"twitter:card\" content=\"summary_large_image\" \/>\n<meta name=\"twitter:label1\" content=\"Gesch\u00e4tzte Lesezeit\" \/>\n\t<meta name=\"twitter:data1\" content=\"2\u00a0Minuten\" \/>\n<script type=\"application\/ld+json\" class=\"yoast-schema-graph\">{\"@context\":\"https:\/\/schema.org\",\"@graph\":[{\"@type\":\"WebPage\",\"@id\":\"https:\/\/www.prokw.ch\/de\/ein-programm-einreichen\/\",\"url\":\"https:\/\/www.prokw.ch\/de\/ein-programm-einreichen\/\",\"name\":\"Ein Programm einreichen - ProKilowatt\",\"isPartOf\":{\"@id\":\"https:\/\/prokw.ismystar.ch\/#website\"},\"primaryImageOfPage\":{\"@id\":\"https:\/\/www.prokw.ch\/de\/ein-programm-einreichen\/#primaryimage\"},\"image\":{\"@id\":\"https:\/\/www.prokw.ch\/de\/ein-programm-einreichen\/#primaryimage\"},\"thumbnailUrl\":\"https:\/\/www.prokw.ch\/wp-content\/uploads\/2023\/11\/migros-neuendorf.jpeg\",\"datePublished\":\"2023-11-21T13:02:12+00:00\",\"dateModified\":\"2025-10-30T15:12:21+00:00\",\"breadcrumb\":{\"@id\":\"https:\/\/www.prokw.ch\/de\/ein-programm-einreichen\/#breadcrumb\"},\"inLanguage\":\"de\",\"potentialAction\":[{\"@type\":\"ReadAction\",\"target\":[\"https:\/\/www.prokw.ch\/de\/ein-programm-einreichen\/\"]}]},{\"@type\":\"ImageObject\",\"inLanguage\":\"de\",\"@id\":\"https:\/\/www.prokw.ch\/de\/ein-programm-einreichen\/#primaryimage\",\"url\":\"https:\/\/www.prokw.ch\/wp-content\/uploads\/2023\/11\/migros-neuendorf.jpeg\",\"contentUrl\":\"https:\/\/www.prokw.ch\/wp-content\/uploads\/2023\/11\/migros-neuendorf.jpeg\",\"width\":1024,\"height\":683,\"caption\":\"Migros Neuendorf\"},{\"@type\":\"BreadcrumbList\",\"@id\":\"https:\/\/www.prokw.ch\/de\/ein-programm-einreichen\/#breadcrumb\",\"itemListElement\":[{\"@type\":\"ListItem\",\"position\":1,\"name\":\"Accueil\",\"item\":\"https:\/\/www.prokw.ch\/de\/\"},{\"@type\":\"ListItem\",\"position\":2,\"name\":\"Ein Programm einreichen\"}]},{\"@type\":\"WebSite\",\"@id\":\"https:\/\/prokw.ismystar.ch\/#website\",\"url\":\"https:\/\/prokw.ismystar.ch\/\",\"name\":\"ProKilowatt\",\"description\":\"\",\"publisher\":{\"@id\":\"https:\/\/prokw.ismystar.ch\/#organization\"},\"potentialAction\":[{\"@type\":\"SearchAction\",\"target\":{\"@type\":\"EntryPoint\",\"urlTemplate\":\"https:\/\/prokw.ismystar.ch\/?s={search_term_string}\"},\"query-input\":{\"@type\":\"PropertyValueSpecification\",\"valueRequired\":true,\"valueName\":\"search_term_string\"}}],\"inLanguage\":\"de\"},{\"@type\":\"Organization\",\"@id\":\"https:\/\/prokw.ismystar.ch\/#organization\",\"name\":\"ProKilowatt\",\"url\":\"https:\/\/prokw.ismystar.ch\/\",\"logo\":{\"@type\":\"ImageObject\",\"inLanguage\":\"de\",\"@id\":\"https:\/\/prokw.ismystar.ch\/#\/schema\/logo\/image\/\",\"url\":\"https:\/\/www.prokw.ch\/wp-content\/uploads\/2023\/11\/prokw-logo.png\",\"contentUrl\":\"https:\/\/www.prokw.ch\/wp-content\/uploads\/2023\/11\/prokw-logo.png\",\"width\":503,\"height\":121,\"caption\":\"ProKilowatt\"},\"image\":{\"@id\":\"https:\/\/prokw.ismystar.ch\/#\/schema\/logo\/image\/\"}}]}<\/script>\n<!-- \/ Yoast SEO plugin. -->","yoast_head_json":{"title":"Ein Programm einreichen - ProKilowatt","robots":{"index":"index","follow":"follow","max-snippet":"max-snippet:-1","max-image-preview":"max-image-preview:large","max-video-preview":"max-video-preview:-1"},"canonical":"https:\/\/www.prokw.ch\/de\/ein-programm-einreichen\/","og_locale":"de_DE","og_type":"article","og_title":"Ein Programm einreichen - ProKilowatt","og_description":"Wie funktioniert das? Programme richten sich in der Regel an eine grosse Anzahl Haushalte oder Unternehmen. Sie beinhalten einfache Standardmassnahmen (z.B. Ersatz von Umw\u00e4lzpumpen durch effizientere Modelle) oder sie bieten einer Branche oder bestimmten Unternehmen ein klar definiertes Massnahmenpaket an (z.B. Stromeinsparung bei der Druckluftversorgung). Die Programmtr\u00e4ger unterst\u00fctzen folglich Dritte bei der Umsetzung von unwirtschaftlichen [&hellip;]","og_url":"https:\/\/www.prokw.ch\/de\/ein-programm-einreichen\/","og_site_name":"ProKilowatt","article_modified_time":"2025-10-30T15:12:21+00:00","og_image":[{"width":1024,"height":683,"url":"https:\/\/www.prokw.ch\/wp-content\/uploads\/2023\/11\/migros-neuendorf.jpeg","type":"image\/jpeg"}],"twitter_card":"summary_large_image","twitter_misc":{"Gesch\u00e4tzte Lesezeit":"2\u00a0Minuten"},"schema":{"@context":"https:\/\/schema.org","@graph":[{"@type":"WebPage","@id":"https:\/\/www.prokw.ch\/de\/ein-programm-einreichen\/","url":"https:\/\/www.prokw.ch\/de\/ein-programm-einreichen\/","name":"Ein Programm einreichen - ProKilowatt","isPartOf":{"@id":"https:\/\/prokw.ismystar.ch\/#website"},"primaryImageOfPage":{"@id":"https:\/\/www.prokw.ch\/de\/ein-programm-einreichen\/#primaryimage"},"image":{"@id":"https:\/\/www.prokw.ch\/de\/ein-programm-einreichen\/#primaryimage"},"thumbnailUrl":"https:\/\/www.prokw.ch\/wp-content\/uploads\/2023\/11\/migros-neuendorf.jpeg","datePublished":"2023-11-21T13:02:12+00:00","dateModified":"2025-10-30T15:12:21+00:00","breadcrumb":{"@id":"https:\/\/www.prokw.ch\/de\/ein-programm-einreichen\/#breadcrumb"},"inLanguage":"de","potentialAction":[{"@type":"ReadAction","target":["https:\/\/www.prokw.ch\/de\/ein-programm-einreichen\/"]}]},{"@type":"ImageObject","inLanguage":"de","@id":"https:\/\/www.prokw.ch\/de\/ein-programm-einreichen\/#primaryimage","url":"https:\/\/www.prokw.ch\/wp-content\/uploads\/2023\/11\/migros-neuendorf.jpeg","contentUrl":"https:\/\/www.prokw.ch\/wp-content\/uploads\/2023\/11\/migros-neuendorf.jpeg","width":1024,"height":683,"caption":"Migros Neuendorf"},{"@type":"BreadcrumbList","@id":"https:\/\/www.prokw.ch\/de\/ein-programm-einreichen\/#breadcrumb","itemListElement":[{"@type":"ListItem","position":1,"name":"Accueil","item":"https:\/\/www.prokw.ch\/de\/"},{"@type":"ListItem","position":2,"name":"Ein Programm einreichen"}]},{"@type":"WebSite","@id":"https:\/\/prokw.ismystar.ch\/#website","url":"https:\/\/prokw.ismystar.ch\/","name":"ProKilowatt","description":"","publisher":{"@id":"https:\/\/prokw.ismystar.ch\/#organization"},"potentialAction":[{"@type":"SearchAction","target":{"@type":"EntryPoint","urlTemplate":"https:\/\/prokw.ismystar.ch\/?s={search_term_string}"},"query-input":{"@type":"PropertyValueSpecification","valueRequired":true,"valueName":"search_term_string"}}],"inLanguage":"de"},{"@type":"Organization","@id":"https:\/\/prokw.ismystar.ch\/#organization","name":"ProKilowatt","url":"https:\/\/prokw.ismystar.ch\/","logo":{"@type":"ImageObject","inLanguage":"de","@id":"https:\/\/prokw.ismystar.ch\/#\/schema\/logo\/image\/","url":"https:\/\/www.prokw.ch\/wp-content\/uploads\/2023\/11\/prokw-logo.png","contentUrl":"https:\/\/www.prokw.ch\/wp-content\/uploads\/2023\/11\/prokw-logo.png","width":503,"height":121,"caption":"ProKilowatt"},"image":{"@id":"https:\/\/prokw.ismystar.ch\/#\/schema\/logo\/image\/"}}]}},"_links":{"self":[{"href":"https:\/\/www.prokw.ch\/de\/wp-json\/wp\/v2\/pages\/1415","targetHints":{"allow":["GET"]}}],"collection":[{"href":"https:\/\/www.prokw.ch\/de\/wp-json\/wp\/v2\/pages"}],"about":[{"href":"https:\/\/www.prokw.ch\/de\/wp-json\/wp\/v2\/types\/page"}],"author":[{"embeddable":true,"href":"https:\/\/www.prokw.ch\/de\/wp-json\/wp\/v2\/users\/1"}],"replies":[{"embeddable":true,"href":"https:\/\/www.prokw.ch\/de\/wp-json\/wp\/v2\/comments?post=1415"}],"version-history":[{"count":46,"href":"https:\/\/www.prokw.ch\/de\/wp-json\/wp\/v2\/pages\/1415\/revisions"}],"predecessor-version":[{"id":6031,"href":"https:\/\/www.prokw.ch\/de\/wp-json\/wp\/v2\/pages\/1415\/revisions\/6031"}],"wp:featuredmedia":[{"embeddable":true,"href":"https:\/\/www.prokw.ch\/de\/wp-json\/wp\/v2\/media\/418"}],"wp:attachment":[{"href":"https:\/\/www.prokw.ch\/de\/wp-json\/wp\/v2\/media?parent=1415"}],"curies":[{"name":"wp","href":"https:\/\/api.w.org\/{rel}","templated":true}]}}